{"id":389,"date":"2025-06-18T23:35:51","date_gmt":"2025-06-18T21:35:51","guid":{"rendered":"https:\/\/www.carameletchocolat.fr\/?page_id=389"},"modified":"2025-06-18T23:38:23","modified_gmt":"2025-06-18T21:38:23","slug":"a-propos","status":"publish","type":"page","link":"https:\/\/www.carameletchocolat.fr\/index.php\/a-propos\/","title":{"rendered":"\u00c0 Propos"},"content":{"rendered":"\n<hr class=\"wp-block-separator has-css-opacity is-style-default\"\/>\n\n\n<div class=\"wp-block-image is-style-rounded\">\n<figure class=\"aligncenter size-large is-resized\"><img loading=\"lazy\" decoding=\"async\" width=\"724\" height=\"724\" src=\"https:\/\/www.carameletchocolat.fr\/wp-content\/uploads\/2025\/06\/9298bf02-975c-41a8-ae8b-b8bcfbf62fd6_1_105_c-edited.jpeg\" alt=\"\" class=\"wp-image-390\" style=\"width:150px;height:150px\" srcset=\"https:\/\/www.carameletchocolat.fr\/wp-content\/uploads\/2025\/06\/9298bf02-975c-41a8-ae8b-b8bcfbf62fd6_1_105_c-edited.jpeg 724w, https:\/\/www.carameletchocolat.fr\/wp-content\/uploads\/2025\/06\/9298bf02-975c-41a8-ae8b-b8bcfbf62fd6_1_105_c-edited-300x300.jpeg 300w, https:\/\/www.carameletchocolat.fr\/wp-content\/uploads\/2025\/06\/9298bf02-975c-41a8-ae8b-b8bcfbf62fd6_1_105_c-edited-150x150.jpeg 150w\" sizes=\"auto, (max-width: 724px) 100vw, 724px\" \/><\/figure>\n<\/div>\n\n\n<blockquote class=\"wp-block-quote has-text-align-center is-style-large is-layout-flow wp-block-quote-is-layout-flow\">\n<blockquote class=\"wp-block-quote is-layout-flow wp-block-quote-is-layout-flow\">\n<p>\u00ab\u00a0<em>Je ne suis pas \u00e0 l\u2019aise devant l\u2019objectif. Les d\u00e9buts ont \u00e9t\u00e9 tr\u00e8s stressants. Gr\u00e2ce \u00e0 ton humour, ta bonne humeur et aussi ta patience, j\u2019ai pass\u00e9 de super bons moments \u00e0 chaque fois. Tu m\u2019as toujours demand\u00e9 si j\u2019avais des envies particuli\u00e8res et tu m\u2019as toujours demand\u00e9 si je serais \u00e0 l\u2019aise de faire les poses que tu aimerais. Tes id\u00e9es \u00e9taient toujours en accord avec ma mani\u00e8re d\u2019\u00eatre. J\u2019ai ressenti beaucoup de fiert\u00e9 en voyant les photos. D\u2019une part, envers moi pour avoir r\u00e9ussi \u00e0 surmonter ma peur, mais surtout envers toi parce que tu arrives toujours \u00e0 sublimer ce que tu prends en photo. Les photos que j\u2019ai faites avec toi me font prendre confiance en moi. Tu es tr\u00e8s fort pour r\u00e9ussir \u00e0 mettre \u00e0 l\u2019aise.<\/em>\u00a0\u00bb<\/p>\n<\/blockquote>\n<cite>\u2014 L\u00e9na, trois shootings portraits ensemble<\/cite><\/blockquote>\n\n\n\n<hr class=\"wp-block-separator has-css-opacity is-style-default\"\/>\n\n\n\n<hr class=\"wp-block-separator has-css-opacity is-style-default\"\/>\n\n\n<div class=\"wp-block-image is-style-rounded\">\n<figure class=\"aligncenter size-full is-resized\"><img loading=\"lazy\" decoding=\"async\" width=\"2560\" height=\"2560\" src=\"http:\/\/www.carameletchocolat.fr\/wp-content\/uploads\/2025\/06\/dona0480-edited-scaled.jpg\" alt=\"\" class=\"wp-image-393\" style=\"width:150px;height:150px\" srcset=\"https:\/\/www.carameletchocolat.fr\/wp-content\/uploads\/2025\/06\/dona0480-edited-scaled.jpg 2560w, https:\/\/www.carameletchocolat.fr\/wp-content\/uploads\/2025\/06\/dona0480-edited-300x300.jpg 300w\" sizes=\"auto, (max-width: 2560px) 100vw, 2560px\" \/><\/figure>\n<\/div>\n\n\n<blockquote class=\"wp-block-quote has-text-align-center is-style-large is-layout-flow wp-block-quote-is-layout-flow\">\n<p>\u00ab\u00a0<em>Alors je n\u2019y connaissais rien du tout, j\u2019avais peur de ne pas \u00eatre \u00e0 l\u2019aise et de ne pas savoir quelles poses faire. Tu m\u2019as mise en confiance et m\u2019a guid\u00e9e, ce qui m\u2019a permise de m\u2019ouvrir pour poser et \u00eatre photographi\u00e9e. J\u2019\u00e9tais \u00e9tonn\u00e9e de la qualit\u00e9, elles \u00e9taient super jolies.<\/em>\u00a0\u00bb<\/p>\n<cite>\u2014 Marie, un shooting portrait ensemble<\/cite><\/blockquote>\n\n\n\n<hr class=\"wp-block-separator has-css-opacity is-style-default\"\/>\n","protected":false},"excerpt":{"rendered":"<p>\u00ab\u00a0Alors je n\u2019y connaissais rien du tout, j\u2019avais peur de ne pas \u00eatre [&hellip;]<\/p>\n","protected":false},"author":1,"featured_media":0,"parent":0,"menu_order":0,"comment_status":"closed","ping_status":"closed","template":"","meta":{"footnotes":""},"class_list":["post-389","page","type-page","status-publish","hentry"],"_links":{"self":[{"href":"https:\/\/www.carameletchocolat.fr\/index.php\/wp-json\/wp\/v2\/pages\/389","targetHints":{"allow":["GET"]}}],"collection":[{"href":"https:\/\/www.carameletchocolat.fr\/index.php\/wp-json\/wp\/v2\/pages"}],"about":[{"href":"https:\/\/www.carameletchocolat.fr\/index.php\/wp-json\/wp\/v2\/types\/page"}],"author":[{"embeddable":true,"href":"https:\/\/www.carameletchocolat.fr\/index.php\/wp-json\/wp\/v2\/users\/1"}],"replies":[{"embeddable":true,"href":"https:\/\/www.carameletchocolat.fr\/index.php\/wp-json\/wp\/v2\/comments?post=389"}],"version-history":[{"count":2,"href":"https:\/\/www.carameletchocolat.fr\/index.php\/wp-json\/wp\/v2\/pages\/389\/revisions"}],"predecessor-version":[{"id":396,"href":"https:\/\/www.carameletchocolat.fr\/index.php\/wp-json\/wp\/v2\/pages\/389\/revisions\/396"}],"wp:attachment":[{"href":"https:\/\/www.carameletchocolat.fr\/index.php\/wp-json\/wp\/v2\/media?parent=389"}],"curies":[{"name":"wp","href":"https:\/\/api.w.org\/{rel}","templated":true}]}}