{"id":397,"date":"2025-06-18T23:46:16","date_gmt":"2025-06-18T21:46:16","guid":{"rendered":"https:\/\/www.carameletchocolat.fr\/?page_id=397"},"modified":"2025-06-19T00:04:06","modified_gmt":"2025-06-18T22:04:06","slug":"tarifs","status":"publish","type":"page","link":"https:\/\/www.carameletchocolat.fr\/index.php\/tarifs\/","title":{"rendered":"Tarifs"},"content":{"rendered":"\n<h2 class=\"wp-block-heading has-text-align-center\">Portraits<\/h2>\n\n\n\n<p class=\"has-text-align-center\"><strong>(CV, Branding, Corporate, Lifestyle)<\/strong><\/p>\n\n\n\n<div class=\"wp-block-columns alignwide is-layout-flex wp-container-core-columns-is-layout-829b1d53 wp-block-columns-is-layout-flex\" style=\"margin-bottom:0\">\n<div class=\"wp-block-column has-text-color has-background has-link-color wp-elements-fd792d9977043b89db84e9381b8371f9 is-layout-flow wp-block-column-is-layout-flow\" style=\"color:#000000;background-color:#ffe97d;padding-top:2em;padding-right:2em;padding-bottom:2em;padding-left:2em\">\n<h2 class=\"wp-block-heading\" id=\"single\" style=\"font-size:40px\"><strong>Essentielle<\/strong><\/h2>\n\n\n\n<hr class=\"wp-block-separator has-text-color has-css-opacity has-background is-style-wide\" style=\"background-color:#000000;color:#000000\"\/>\n\n\n\n<ul class=\"wp-block-list has-normal-font-size\">\n<li>S\u00e9ance photo de 2h minimum<\/li>\n\n\n\n<li>8 photos choisies<\/li>\n\n\n\n<li>Retouche chromie et pouss\u00e9e<\/li>\n<\/ul>\n\n\n\n<div class=\"wp-block-buttons alignfull is-horizontal is-content-justification-center is-layout-flex wp-container-core-buttons-is-layout-499968f5 wp-block-buttons-is-layout-flex\">\n<div class=\"wp-block-button has-custom-width wp-block-button__width-100\"><a class=\"wp-block-button__link has-white-color has-text-color has-background no-border-radius wp-element-button\" style=\"background-color:#000000\">50\u20ac<\/a><\/div>\n<\/div>\n<\/div>\n\n\n\n<div class=\"wp-block-column has-text-color has-background has-link-color wp-elements-430dcec8734ec81c1bbdc0943db72b46 is-layout-flow wp-block-column-is-layout-flow\" style=\"color:#000000;background-color:#d1d1e1;padding-top:2em;padding-right:2em;padding-bottom:2em;padding-left:2em\">\n<h2 class=\"wp-block-heading\" id=\"family\" style=\"font-size:40px\"><strong>Standard<\/strong><\/h2>\n\n\n\n<hr class=\"wp-block-separator has-css-opacity is-style-wide\"\/>\n\n\n\n<ul class=\"wp-block-list has-normal-font-size\">\n<li>S\u00e9ance photo de 2h minimum<\/li>\n\n\n\n<li>15 photos choisies<\/li>\n\n\n\n<li>Retouche chromie et pouss\u00e9e<\/li>\n<\/ul>\n\n\n\n<div class=\"wp-block-buttons alignfull is-horizontal is-content-justification-center is-layout-flex wp-container-core-buttons-is-layout-499968f5 wp-block-buttons-is-layout-flex\">\n<div class=\"wp-block-button has-custom-width wp-block-button__width-100 is-style-fill\"><a class=\"wp-block-button__link has-white-color has-text-color has-background no-border-radius wp-element-button\" style=\"background-color:#000000\">75\u20ac<\/a><\/div>\n<\/div>\n<\/div>\n\n\n\n<div class=\"wp-block-column has-text-color has-background has-link-color wp-elements-6f64ab20ab83af9beb66878089893e78 is-layout-flow wp-block-column-is-layout-flow\" style=\"color:#000000;background-color:#c0ebf1;padding-top:2em;padding-right:2em;padding-bottom:2em;padding-left:2em\">\n<h2 class=\"wp-block-heading\" id=\"patron\" style=\"font-size:40px\"><strong>Caramel<\/strong><\/h2>\n\n\n\n<hr class=\"wp-block-separator has-css-opacity is-style-wide\"\/>\n\n\n\n<ul class=\"wp-block-list has-normal-font-size\">\n<li>S\u00e9ance photo de 2h minimum<\/li>\n\n\n\n<li>20 photos choisies<\/li>\n\n\n\n<li>Retouche chromie et pouss\u00e9e<\/li>\n<\/ul>\n\n\n\n<div class=\"wp-block-buttons alignfull is-horizontal is-content-justification-center is-layout-flex wp-container-core-buttons-is-layout-499968f5 wp-block-buttons-is-layout-flex\">\n<div class=\"wp-block-button has-custom-width wp-block-button__width-100\"><a class=\"wp-block-button__link has-white-color has-text-color has-background no-border-radius wp-element-button\" style=\"background-color:#000000\">95\u20ac<\/a><\/div>\n<\/div>\n<\/div>\n<\/div>\n\n\n\n<hr class=\"wp-block-separator has-alpha-channel-opacity\"\/>\n\n\n\n<h2 class=\"wp-block-heading has-text-align-center\">Duo\/Groupes\/Famille<\/h2>\n\n\n\n<div class=\"wp-block-columns alignwide is-layout-flex wp-container-core-columns-is-layout-829b1d53 wp-block-columns-is-layout-flex\" style=\"margin-bottom:0\">\n<div class=\"wp-block-column has-text-color has-background has-link-color wp-elements-c68e15200c1b9f2fe651292664512eb7 is-layout-flow wp-block-column-is-layout-flow\" style=\"color:#000000;background-color:#ffe97d;padding-top:2em;padding-right:2em;padding-bottom:2em;padding-left:2em\">\n<h2 class=\"wp-block-heading\" id=\"single\" style=\"font-size:40px\"><strong>Souvenirs<\/strong><\/h2>\n\n\n\n<hr class=\"wp-block-separator has-text-color has-css-opacity has-background is-style-wide\" style=\"background-color:#000000;color:#000000\"\/>\n\n\n\n<ul class=\"wp-block-list has-normal-font-size\">\n<li>S\u00e9ance photo de 2h30 minimum<\/li>\n\n\n\n<li>10 photos choisies<\/li>\n\n\n\n<li>Retouche chromie et pouss\u00e9e<\/li>\n<\/ul>\n\n\n\n<div class=\"wp-block-buttons alignfull is-horizontal is-content-justification-center is-layout-flex wp-container-core-buttons-is-layout-499968f5 wp-block-buttons-is-layout-flex\">\n<div class=\"wp-block-button has-custom-width wp-block-button__width-100\"><a class=\"wp-block-button__link has-white-color has-text-color has-background no-border-radius wp-element-button\" style=\"background-color:#000000\">65\u20ac<\/a><\/div>\n<\/div>\n<\/div>\n\n\n\n<div class=\"wp-block-column has-text-color has-background has-link-color wp-elements-bce87d8e7ff09ae843d7d610aa369947 is-layout-flow wp-block-column-is-layout-flow\" style=\"color:#000000;background-color:#d1d1e1;padding-top:2em;padding-right:2em;padding-bottom:2em;padding-left:2em\">\n<h2 class=\"wp-block-heading\" id=\"family\" style=\"font-size:40px\"><strong>Standard<\/strong><\/h2>\n\n\n\n<hr class=\"wp-block-separator has-css-opacity is-style-wide\"\/>\n\n\n\n<ul class=\"wp-block-list has-normal-font-size\">\n<li>S\u00e9ance photo de 2h30 minimum<\/li>\n\n\n\n<li>15 photos choisies<\/li>\n\n\n\n<li>Retouche chromie et pouss\u00e9e<\/li>\n<\/ul>\n\n\n\n<div class=\"wp-block-buttons alignfull is-horizontal is-content-justification-center is-layout-flex wp-container-core-buttons-is-layout-499968f5 wp-block-buttons-is-layout-flex\">\n<div class=\"wp-block-button has-custom-width wp-block-button__width-100 is-style-fill\"><a class=\"wp-block-button__link has-white-color has-text-color has-background no-border-radius wp-element-button\" style=\"background-color:#000000\">75\u20ac<\/a><\/div>\n<\/div>\n<\/div>\n\n\n\n<div class=\"wp-block-column has-text-color has-background has-link-color wp-elements-8cabf2329fdfdabf46d880a394d12aa8 is-layout-flow wp-block-column-is-layout-flow\" style=\"color:#000000;background-color:#c0ebf1;padding-top:2em;padding-right:2em;padding-bottom:2em;padding-left:2em\">\n<h2 class=\"wp-block-heading\" id=\"patron\" style=\"font-size:40px\"><strong>Chocolat<\/strong><\/h2>\n\n\n\n<hr class=\"wp-block-separator has-css-opacity is-style-wide\"\/>\n\n\n\n<ul class=\"wp-block-list has-normal-font-size\">\n<li>S\u00e9ance photo de 2h minimum<\/li>\n\n\n\n<li>20 photos choisies<\/li>\n\n\n\n<li>Retouche chromie et pouss\u00e9e<\/li>\n<\/ul>\n\n\n\n<div class=\"wp-block-buttons alignfull is-horizontal is-content-justification-center is-layout-flex wp-container-core-buttons-is-layout-499968f5 wp-block-buttons-is-layout-flex\">\n<div class=\"wp-block-button has-custom-width wp-block-button__width-100\"><a class=\"wp-block-button__link has-white-color has-text-color has-background no-border-radius wp-element-button\" style=\"background-color:#000000\">115\u20ac<\/a><\/div>\n<\/div>\n<\/div>\n<\/div>\n\n\n\n<hr class=\"wp-block-separator has-alpha-channel-opacity\"\/>\n\n\n\n<h2 class=\"wp-block-heading has-text-align-center\">Automobile<\/h2>\n\n\n\n<div class=\"wp-block-columns alignwide is-layout-flex wp-container-core-columns-is-layout-829b1d53 wp-block-columns-is-layout-flex\" style=\"margin-bottom:0\">\n<div class=\"wp-block-column has-text-color has-background has-link-color wp-elements-f111838e2c845a185feae42069c49ad6 is-layout-flow wp-block-column-is-layout-flow\" style=\"color:#000000;background-color:#ffe97d;padding-top:2em;padding-right:2em;padding-bottom:2em;padding-left:2em\">\n<h2 class=\"wp-block-heading\" id=\"single\" style=\"font-size:40px\"><strong>Chrono<\/strong><\/h2>\n\n\n\n<hr class=\"wp-block-separator has-text-color has-css-opacity has-background is-style-wide\" style=\"background-color:#000000;color:#000000\"\/>\n\n\n\n<ul class=\"wp-block-list has-normal-font-size\">\n<li>S\u00e9ance photo de 30 minutes minimum<\/li>\n\n\n\n<li>8 photos choisies<\/li>\n\n\n\n<li>Retouche chromie<\/li>\n<\/ul>\n\n\n\n<div class=\"wp-block-buttons alignfull is-horizontal is-content-justification-center is-layout-flex wp-container-core-buttons-is-layout-499968f5 wp-block-buttons-is-layout-flex\">\n<div class=\"wp-block-button has-custom-width wp-block-button__width-100\"><a class=\"wp-block-button__link has-white-color has-text-color has-background no-border-radius wp-element-button\" style=\"background-color:#000000\">30\u20ac<\/a><\/div>\n<\/div>\n<\/div>\n\n\n\n<div class=\"wp-block-column has-text-color has-background has-link-color wp-elements-e01d1abdda9dd4c83e65cd119ca1bf1a is-layout-flow wp-block-column-is-layout-flow\" style=\"color:#000000;background-color:#d1d1e1;padding-top:2em;padding-right:2em;padding-bottom:2em;padding-left:2em\">\n<h2 class=\"wp-block-heading\" id=\"family\" style=\"font-size:40px\"><strong>Piste<\/strong><\/h2>\n\n\n\n<hr class=\"wp-block-separator has-css-opacity is-style-wide\"\/>\n\n\n\n<ul class=\"wp-block-list has-normal-font-size\">\n<li>S\u00e9ance photo de 30 minutes minimum<\/li>\n\n\n\n<li>15 photos choisies<\/li>\n\n\n\n<li>Retouche chromie<\/li>\n<\/ul>\n\n\n\n<div class=\"wp-block-buttons alignfull is-horizontal is-content-justification-center is-layout-flex wp-container-core-buttons-is-layout-499968f5 wp-block-buttons-is-layout-flex\">\n<div class=\"wp-block-button has-custom-width wp-block-button__width-100 is-style-fill\"><a class=\"wp-block-button__link has-white-color has-text-color has-background no-border-radius wp-element-button\" style=\"background-color:#000000\">45\u20ac<\/a><\/div>\n<\/div>\n<\/div>\n\n\n\n<div class=\"wp-block-column has-text-color has-background has-link-color wp-elements-0272eeb1fb9b799c99f1e16de2c76ce0 is-layout-flow wp-block-column-is-layout-flow\" style=\"color:#000000;background-color:#c0ebf1;padding-top:2em;padding-right:2em;padding-bottom:2em;padding-left:2em\">\n<h2 class=\"wp-block-heading\" id=\"patron\" style=\"font-size:40px\"><strong>Endurance<\/strong><\/h2>\n\n\n\n<hr class=\"wp-block-separator has-css-opacity is-style-wide\"\/>\n\n\n\n<ul class=\"wp-block-list has-normal-font-size\">\n<li>S\u00e9ance photo de 1h minimum<\/li>\n\n\n\n<li>20 photos choisies<\/li>\n\n\n\n<li>Retouche chromie<\/li>\n<\/ul>\n\n\n\n<div class=\"wp-block-buttons alignfull is-horizontal is-content-justification-center is-layout-flex wp-container-core-buttons-is-layout-499968f5 wp-block-buttons-is-layout-flex\">\n<div class=\"wp-block-button has-custom-width wp-block-button__width-100\"><a class=\"wp-block-button__link has-white-color has-text-color has-background no-border-radius wp-element-button\" style=\"background-color:#000000\">55\u20ac<\/a><\/div>\n<\/div>\n<\/div>\n<\/div>\n\n\n\n<hr class=\"wp-block-separator has-alpha-channel-opacity\"\/>\n\n\n\n<h2 class=\"wp-block-heading has-text-align-center\">\u00c9v\u00e9nements<\/h2>\n\n\n\n<div class=\"wp-block-columns alignwide is-layout-flex wp-container-core-columns-is-layout-829b1d53 wp-block-columns-is-layout-flex\" style=\"margin-bottom:0\">\n<div class=\"wp-block-column has-text-color has-background has-link-color wp-elements-f096113d836b0c37105f403850d01f6f is-layout-flow wp-block-column-is-layout-flow\" style=\"color:#000000;background-color:#ffe97d;padding-top:2em;padding-right:2em;padding-bottom:2em;padding-left:2em\">\n<h2 class=\"wp-block-heading\" id=\"single\" style=\"font-size:40px\"><strong>Essentielle<\/strong><\/h2>\n\n\n\n<hr class=\"wp-block-separator has-text-color has-css-opacity has-background is-style-wide\" style=\"background-color:#000000;color:#000000\"\/>\n\n\n\n<ul class=\"wp-block-list has-normal-font-size\">\n<li>Couverture de l&rsquo;int\u00e9gralit\u00e9 de l&rsquo;\u00e9v\u00e9nement<\/li>\n\n\n\n<li>Gala de fin d&rsquo;ann\u00e9e, EVJF, EVJG, Soir\u00e9e d&rsquo;entreprise, Soir\u00e9es institutionnelles, S\u00e9minaire, Anniversaires, etc. <\/li>\n\n\n\n<li>Retouche chromie<\/li>\n<\/ul>\n\n\n\n<div class=\"wp-block-buttons alignfull is-horizontal is-content-justification-center is-layout-flex wp-container-core-buttons-is-layout-499968f5 wp-block-buttons-is-layout-flex\">\n<div class=\"wp-block-button has-custom-width wp-block-button__width-100\"><a class=\"wp-block-button__link has-white-color has-text-color has-background no-border-radius wp-element-button\" style=\"background-color:#000000\">450\u20ac<\/a><\/div>\n<\/div>\n<\/div>\n<\/div>\n\n\n\n<hr class=\"wp-block-separator has-alpha-channel-opacity\"\/>\n\n\n\n<h2 class=\"wp-block-heading has-text-align-center\">Mariages<\/h2>\n\n\n\n<div class=\"wp-block-columns alignwide is-layout-flex wp-container-core-columns-is-layout-829b1d53 wp-block-columns-is-layout-flex\" style=\"margin-bottom:0\">\n<div class=\"wp-block-column has-text-color has-background has-link-color wp-elements-5bab623a50d6673be0d6a0cf34f346dd is-layout-flow wp-block-column-is-layout-flow\" style=\"color:#000000;background-color:#ffe97d;padding-top:2em;padding-right:2em;padding-bottom:2em;padding-left:2em\">\n<h2 class=\"wp-block-heading\" id=\"single\" style=\"font-size:40px\"><strong>L&rsquo;essentielle<\/strong><\/h2>\n\n\n\n<hr class=\"wp-block-separator has-text-color has-css-opacity has-background is-style-wide\" style=\"background-color:#000000;color:#000000\"\/>\n\n\n\n<ul class=\"wp-block-list has-normal-font-size\">\n<li>Couverture de l&rsquo;int\u00e9gralit\u00e9 du mariage (\u00e0 voir selon votre demande)<\/li>\n\n\n\n<li>400 photos minimum livr\u00e9es<\/li>\n\n\n\n<li>Retouche chromie<\/li>\n<\/ul>\n\n\n\n<div class=\"wp-block-buttons alignfull is-horizontal is-content-justification-center is-layout-flex wp-container-core-buttons-is-layout-499968f5 wp-block-buttons-is-layout-flex\">\n<div class=\"wp-block-button has-custom-width wp-block-button__width-100\"><a class=\"wp-block-button__link has-white-color has-text-color has-background no-border-radius wp-element-button\" style=\"background-color:#000000\">600\u20ac<\/a><\/div>\n<\/div>\n<\/div>\n\n\n\n<div class=\"wp-block-column has-text-color has-background has-link-color wp-elements-69b596ba4199d3ebb911caf50e1a8e33 is-layout-flow wp-block-column-is-layout-flow\" style=\"color:#000000;background-color:#d1d1e1;padding-top:2em;padding-right:2em;padding-bottom:2em;padding-left:2em\">\n<h2 class=\"wp-block-heading\" id=\"family\" style=\"font-size:40px\"><strong>L&rsquo;immortelle<\/strong><\/h2>\n\n\n\n<hr class=\"wp-block-separator has-css-opacity is-style-wide\"\/>\n\n\n\n<ul class=\"wp-block-list has-normal-font-size\">\n<li>Couverture de l&rsquo;int\u00e9gralit\u00e9 du mariage (\u00e0 voir selon votre demande)<\/li>\n\n\n\n<li>400 photos minimum livr\u00e9es<\/li>\n\n\n\n<li>Retouche chromie<\/li>\n\n\n\n<li>20 photos de couple<\/li>\n\n\n\n<li>Retouche chromie et pouss\u00e9e<\/li>\n<\/ul>\n\n\n\n<div class=\"wp-block-buttons alignfull is-horizontal is-content-justification-center is-layout-flex wp-container-core-buttons-is-layout-499968f5 wp-block-buttons-is-layout-flex\">\n<div class=\"wp-block-button has-custom-width wp-block-button__width-100 is-style-fill\"><a class=\"wp-block-button__link has-white-color has-text-color has-background no-border-radius wp-element-button\" style=\"background-color:#000000\">700\u20ac<\/a><\/div>\n<\/div>\n<\/div>\n<\/div>\n\n\n\n<hr class=\"wp-block-separator has-alpha-channel-opacity\"\/>\n\n\n\n<h2 class=\"wp-block-heading has-text-align-center\">Reportages<\/h2>\n\n\n\n<p class=\"has-text-align-center\"><strong>\u00c9v\u00e9nement sur une journ\u00e9e, Contenu de promotion sur les r\u00e9seaux sociaux, etc.<\/strong><\/p>\n\n\n\n<div class=\"wp-block-columns alignwide is-layout-flex wp-container-core-columns-is-layout-829b1d53 wp-block-columns-is-layout-flex\" style=\"margin-bottom:0\">\n<div class=\"wp-block-column has-text-color has-background has-link-color wp-elements-75f5fce5c92747983e968fa82c78d42e is-layout-flow wp-block-column-is-layout-flow\" style=\"color:#000000;background-color:#ffe97d;padding-top:2em;padding-right:2em;padding-bottom:2em;padding-left:2em\">\n<h2 class=\"wp-block-heading\" id=\"single\" style=\"font-size:40px\"><strong>20 photos<\/strong><\/h2>\n\n\n\n<hr class=\"wp-block-separator has-text-color has-css-opacity has-background is-style-wide\" style=\"background-color:#000000;color:#000000\"\/>\n\n\n\n<div class=\"wp-block-buttons alignfull is-horizontal is-content-justification-center is-layout-flex wp-container-core-buttons-is-layout-499968f5 wp-block-buttons-is-layout-flex\">\n<div class=\"wp-block-button has-custom-width wp-block-button__width-100\"><a class=\"wp-block-button__link has-white-color has-text-color has-background no-border-radius wp-element-button\" style=\"background-color:#000000\">100\u20ac<\/a><\/div>\n<\/div>\n<\/div>\n\n\n\n<div class=\"wp-block-column has-text-color has-background has-link-color wp-elements-76d53737eada09292f16f1cfaa91e998 is-layout-flow wp-block-column-is-layout-flow\" style=\"color:#000000;background-color:#c0ebf1;padding-top:2em;padding-right:2em;padding-bottom:2em;padding-left:2em\">\n<h2 class=\"wp-block-heading\" id=\"patron\" style=\"font-size:40px\"><strong>30 photos<\/strong><\/h2>\n\n\n\n<hr class=\"wp-block-separator has-css-opacity is-style-wide\"\/>\n\n\n\n<div class=\"wp-block-buttons alignfull is-horizontal is-content-justification-center is-layout-flex wp-container-core-buttons-is-layout-499968f5 wp-block-buttons-is-layout-flex\">\n<div class=\"wp-block-button has-custom-width wp-block-button__width-100\"><a class=\"wp-block-button__link has-white-color has-text-color has-background no-border-radius wp-element-button\" style=\"background-color:#000000\">150\u20ac<\/a><\/div>\n<\/div>\n<\/div>\n\n\n\n<div class=\"wp-block-column has-text-color has-background has-link-color wp-elements-2b8182f66d8c6d707fc3c11805acd981 is-layout-flow wp-block-column-is-layout-flow\" style=\"color:#000000;background-color:#d1d1e1;padding-top:2em;padding-right:2em;padding-bottom:2em;padding-left:2em\">\n<h2 class=\"wp-block-heading\" id=\"family\" style=\"font-size:40px\"><strong>50 photos<\/strong><\/h2>\n\n\n\n<hr class=\"wp-block-separator has-css-opacity is-style-wide\"\/>\n\n\n\n<div class=\"wp-block-buttons alignfull is-horizontal is-content-justification-center is-layout-flex wp-container-core-buttons-is-layout-499968f5 wp-block-buttons-is-layout-flex\">\n<div class=\"wp-block-button has-custom-width wp-block-button__width-100 is-style-fill\"><a class=\"wp-block-button__link has-white-color has-text-color has-background no-border-radius wp-element-button\" style=\"background-color:#000000\">200\u20ac<\/a><\/div>\n<\/div>\n<\/div>\n\n\n\n<div class=\"wp-block-column has-text-color has-background has-link-color wp-elements-d826e4f5c467a1b5176dbb70aad82644 is-layout-flow wp-block-column-is-layout-flow\" style=\"color:#000000;background-color:#c0ebf1;padding-top:2em;padding-right:2em;padding-bottom:2em;padding-left:2em\">\n<h2 class=\"wp-block-heading\" id=\"patron\" style=\"font-size:40px\"><strong>75 photos<\/strong><\/h2>\n\n\n\n<hr class=\"wp-block-separator has-css-opacity is-style-wide\"\/>\n\n\n\n<div class=\"wp-block-buttons alignfull is-horizontal is-content-justification-center is-layout-flex wp-container-core-buttons-is-layout-499968f5 wp-block-buttons-is-layout-flex\">\n<div class=\"wp-block-button has-custom-width wp-block-button__width-100\"><a class=\"wp-block-button__link has-white-color has-text-color has-background no-border-radius wp-element-button\" style=\"background-color:#000000\">300\u20ac<\/a><\/div>\n<\/div>\n<\/div>\n<\/div>\n\n\n\n<div style=\"height:100px\" aria-hidden=\"true\" class=\"wp-block-spacer\"><\/div>\n\n\n\n<p class=\"has-text-align-center\">Autres tarifs et nombres de photos adapt\u00e9s \u00e0 vos besoins disponibles.<\/p>\n\n\n\n<div class=\"wp-block-buttons is-content-justification-center is-layout-flex wp-container-core-buttons-is-layout-16018d1d wp-block-buttons-is-layout-flex\">\n<div class=\"wp-block-button is-style-fill\"><a class=\"wp-block-button__link has-text-align-center wp-element-button\" href=\"https:\/\/www.carameletchocolat.fr\/index.php\/contact\/\">JE R\u00c9SERVE<\/a><\/div>\n<\/div>\n\n\n\n<div style=\"height:100px\" aria-hidden=\"true\" class=\"wp-block-spacer\"><\/div>\n\n\n\n<h1 class=\"wp-block-heading\">FAQ<\/h1>\n\n\n\n<p><strong>Quelle est la dur\u00e9e pr\u00e9vue pour la s\u00e9ance photo ?<\/strong><br>Pour les&nbsp;<strong><em>portraits<\/em><\/strong>, la dur\u00e9e de la s\u00e9ance est de&nbsp;<strong><em>deux heures minimum<\/em><\/strong>. Cela nous permettra de discuter, d\u00e9tendre l\u2019atmosph\u00e8re et vous permettre d\u2019\u00eatre \u00e0 l\u2019aise devant l\u2019objectif. Le prix ne d\u00e9pend pas du temps que nous passerons en studio, mais bien du nombre de photos que vous souhaitez.<br>Si vous \u00eates \u00e0 l\u2019aise, la dur\u00e9e peut \u00eatre inf\u00e9rieure \u00e0 deux heures.<br><br>Pour les s\u00e9ances de groupes, de familles ou de duos, la dur\u00e9e de la s\u00e9ance passe \u00e0 deux heures trente minimum. Ce temps suppl\u00e9mentaire me permettra d\u2019\u00e9changer avec chacun, de canaliser les \u00e9nergies et que vous soyez tous \u00e0 l\u2019aise devant l\u2019objectif.<br><br>Pour les automobiles, les deux premi\u00e8res formules comprennent une s\u00e9ance de&nbsp;<strong><em>30 minutes minimum<\/em><\/strong>. Cela me permet de d\u00e9couvrir la voiture, faire un tour complet en observant les d\u00e9tails et commencer \u00e0 la prise de vue. Sur la formule Endurance, je pr\u00e9f\u00e8re rajouter une demie-heure en plus pour me donner de la souplesse dans la s\u00e9lection des 20 photos.<br><br>Pour les \u00e9v\u00e8nements, nous d\u00e9finirons la dur\u00e9e de ma prestation \u00e0 l\u2019avance ou sur le moment. Celle-ci n\u2019aura pas d\u2019incidence sur le tarif.<\/p>\n\n\n\n<p><strong>Quel lieu pour la s\u00e9ance photo ?<\/strong><br>La prise de vues se fera \u00e0 l\u2019endroit de votre choix : en ext\u00e9rieur, \u00e0 votre domicile, dans un lieu symbolique (ch\u00e2teau, h\u00f4tel, etc.). Je ne poss\u00e8de pas de studio \u00e0 proprement parler pour le moment, si les lieux pr\u00e9c\u00e9demment cit\u00e9s ne vous conviennent pas, nous cherchons ensemble le lieu id\u00e9al pour votre shooting. N\u2019importe quel est l\u2019endroit choisi, je me d\u00e9place avec mon mat\u00e9riel (\u00e9clairages, fonds, etc\u2026).<\/p>\n\n\n\n<p><strong>Comment bien pr\u00e9parer le shooting ?<\/strong><br>Lors de nos \u00e9changes, nous allons d\u00e9finir vos envies. Je vous inviterai fortement \u00e0 chercher des inspirations sur Pinterest par exemple. Cela nous permettra de visualiser l\u2019id\u00e9e et de d\u00e9finir un moodboard \u00e0 partir de cette base. Apr\u00e8s ce travail de recherche d\u2019inspiration, je vous ferais parvenir un devis et un contrat avec toutes les informations n\u00e9cessaires au shooting. Ils devront me revenir sign\u00e9s pour confirmer la r\u00e9servation.<br>Pour les tenues, je laisse libre \u00e0 votre imagination et votre inspiration. Nous pourrons en discuter si vous le souhaitez. Sur le lieu du shoot, vous aurez un espace privatif pour vous changer, vous maquiller ou encore prendre un temps pour vous.<br>Le jour de la prise de vues, nous prendrons le temps d\u2019\u00e9changer, de visualiser et de coller au plus pr\u00e8s de votre imagination.<br><br><em><strong>Combien de temps faut-il attendre pour recevoir les photos ?<\/strong><\/em><br>\u00c0 partir du lendemain de la s\u00e9ance, comptez 15 jours pour recevoir une galerie de s\u00e9lection. Ce d\u00e9lai correspond \u00e0 une premi\u00e8re \u00e9dition comprenant le tri, une premi\u00e8re retouche colorim\u00e9trique et le recadrage. Cette galerie vous permettra de s\u00e9lectionner le nombre de photos correspondant \u00e0 votre formule. Une fois votre s\u00e9lection effectu\u00e9e, je finalise les photos et je vous les renvoie dans un nouveau d\u00e9lai de 15 jours.<br>En cas d\u2019emp\u00eachement ou de probl\u00e8me, vous serez pr\u00e9venus au plus vite de l\u2019allongement du d\u00e9lai.<br>Pour les \u00e9v\u00e9nements, je me laisse un d\u00e9lai de 4 semaines maximum pour vous envoyer les photos.<\/p>\n\n\n\n<p><strong><em>Comment les photos seront livr\u00e9es ?<\/em><\/strong><br>Les photos vous seront mises \u00e0 disposition sur un espace privatif Google Drive. Vous y trouverez les photos en couleur, mais aussi en noir et blanc (Si vous avez opt\u00e9 pour la Formule Caramel \u00e0 20 photos, vous trouverez dans votre dossier 40 photos au total). D\u00e8s que les photos sont livr\u00e9es, vous pouvez diffuser les photos comme bon vous semble ou effectuer des tirages.<\/p>\n\n\n\n<p><strong><em>Comment s\u2019effectue le paiement ?<\/em><\/strong><br>\u00c0 l\u2019envoi du devis, un montant d\u2019acompte vous sera demand\u00e9 pour valider la r\u00e9servation de la s\u00e9ance.<br>Le paiement de la s\u00e9ance s\u2019effectue juste avant la livraison des photos. Je vous pr\u00e9viendrais lorsqu\u2019elles seront pr\u00eates avec une preuve. Je vous d\u00e9livrerais le lien une fois que le paiement sera re\u00e7u de mon c\u00f4t\u00e9.<br>Les moyens de paiements sont : Virement, Paypal, CB, Ch\u00e8ques, Esp\u00e8ces.<\/p>\n","protected":false},"excerpt":{"rendered":"<p>Portraits (CV, Branding, Corporate, Lifestyle) Essentielle Standard Caramel Duo\/Groupes\/Famille Souvenirs Standard Chocolat Automobile [&hellip;]<\/p>\n","protected":false},"author":1,"featured_media":0,"parent":0,"menu_order":0,"comment_status":"closed","ping_status":"closed","template":"","meta":{"footnotes":""},"class_list":["post-397","page","type-page","status-publish","hentry"],"_links":{"self":[{"href":"https:\/\/www.carameletchocolat.fr\/index.php\/wp-json\/wp\/v2\/pages\/397","targetHints":{"allow":["GET"]}}],"collection":[{"href":"https:\/\/www.carameletchocolat.fr\/index.php\/wp-json\/wp\/v2\/pages"}],"about":[{"href":"https:\/\/www.carameletchocolat.fr\/index.php\/wp-json\/wp\/v2\/types\/page"}],"author":[{"embeddable":true,"href":"https:\/\/www.carameletchocolat.fr\/index.php\/wp-json\/wp\/v2\/users\/1"}],"replies":[{"embeddable":true,"href":"https:\/\/www.carameletchocolat.fr\/index.php\/wp-json\/wp\/v2\/comments?post=397"}],"version-history":[{"count":9,"href":"https:\/\/www.carameletchocolat.fr\/index.php\/wp-json\/wp\/v2\/pages\/397\/revisions"}],"predecessor-version":[{"id":409,"href":"https:\/\/www.carameletchocolat.fr\/index.php\/wp-json\/wp\/v2\/pages\/397\/revisions\/409"}],"wp:attachment":[{"href":"https:\/\/www.carameletchocolat.fr\/index.php\/wp-json\/wp\/v2\/media?parent=397"}],"curies":[{"name":"wp","href":"https:\/\/api.w.org\/{rel}","templated":true}]}}